{"id":1936,"date":"2017-05-11T08:45:27","date_gmt":"2017-05-11T11:45:27","guid":{"rendered":"http:\/\/www.crc.org.ar\/w\/?page_id=1936"},"modified":"2017-05-11T08:46:46","modified_gmt":"2017-05-11T11:46:46","slug":"procedimiento-de-acreditacion-de-medios-de-prensa-para-la-lnb-del-club-de-regatas-corrientes","status":"publish","type":"page","link":"https:\/\/crc.org.ar\/w\/procedimiento-de-acreditacion-de-medios-de-prensa-para-la-lnb-del-club-de-regatas-corrientes\/","title":{"rendered":"Procedimiento de acreditaci\u00f3n de medios de prensa para la LNB del Club de Regatas Corrientes"},"content":{"rendered":"<p>Para poder acreditarse en los partidos que se disputen en el estadio del Club de Regatas Corrientes, los medios de prensa deber\u00e1n completar previamente un formulario que se podr\u00e1 bajar de la p\u00e1gina oficial del club.<\/p>\n<p><strong>Recordamos que el pedido de acreditaci\u00f3n anual no garantiza la autorizaci\u00f3n de la misma, y es exclusivamente para los partidos de Regatas en car\u00e1cter de local. Las coberturas de partidos de visitante se deber\u00e1 realizar con los clubes locales.<\/strong><\/p>\n<p>Adem\u00e1s, se deber\u00e1 adjuntar el material solicitado a continuaci\u00f3n, seg\u00fan el tipo de medio:<\/p>\n<p><strong>PROGRAMAS DE RADIO O TV<\/strong><br \/>\n<strong>S\u00f3lo ser\u00e1n acreditadas las emisoras legalmente constituidas, sin excepci\u00f3n<\/strong>. Para su constancia, se deber\u00e1 presentar una fotocopia de la nota en la que certifique la adjudicaci\u00f3n de la licencia de la emisora por parte del COMFER o, en su caso, el Permiso Precario Provisorio (PPP).<\/p>\n<p>Adem\u00e1s se deber\u00e1 presentar una nota firmada por el director de la emisora que certifique que el programa efectivamente se emite por ese medio. Tambi\u00e9n deber\u00e1n traer un CD o video y\/o DVD \u2013seg\u00fan corresponda- con la grabaci\u00f3n de las tres ultimas emisiones del programa en donde se constate la difusi\u00f3n del CRC en la LNB.<\/p>\n<p><strong>TRANSMICIONES RADIALES <\/strong><br \/>\nLos medios radiales que quieran transmitir los encuentros, deber\u00e1n presentar por nota, dirigida a la Honorable Comisi\u00f3n Directiva de la instituci\u00f3n, el pedido correspondiente, a efectos de designar un lugar f\u00edsico para desarrollar su tarea.<\/p>\n<p>En este sentido vale aclarar que se le dar\u00e1 prioridad a los medios que siempre acompa\u00f1aron la campa\u00f1a de Regatas Corrientes en la LNB, respetando sus lugares anteriores en la medida de las posibilidades<br \/>\nLa nota deber\u00e1 ir acompa\u00f1ada por la constancia solicitada en el \u00edtem anterior, primer p\u00e1rrafo.<\/p>\n<p><strong>DIARIOS, PERI\u00d3DICOS Y REVISTAS<\/strong><br \/>\nA excepci\u00f3n de los cinco peri\u00f3dicos de la provincia (El Litoral, \u00e9poca, El Libertador, La Rep\u00fablica, y Norte Corrientes) los dem\u00e1s medios gr\u00e1ficos deber\u00e1n ajuntar \u00a0los \u00faltimos tres ejemplares editados, en donde se constate la difusi\u00f3n del CRC en la LNB.<\/p>\n<p><strong>INTERNET Y OTROS <\/strong><br \/>\n<strong>MEDIOS ELECTR\u00d3NICOS<\/strong><br \/>\nDebido a la poca disponibilidad en el sector de Prensa, y al crecimiento desmedido de este medio de comunicaci\u00f3n, no se acreditar\u00e1n a medios electr\u00f3nicos, salvo casos puntuales, como medios especializados de b\u00e1squetbol.<\/p>\n<p><strong>PERIODISTAS FREE-LANCE<\/strong><br \/>\nRegatas Corrientes tiene como pol\u00edtica acreditar a medios, no a periodistas. Por ello, los cronistas free lance no ser\u00e1n acreditados.<\/p>\n<p><strong>REPORTEROS GR\u00c1FICOS <\/strong><br \/>\nEl Departamento de Prensa no acredita a reporteros gr\u00e1ficos. Seg\u00fan lo establece el reglamento de la Asociaci\u00f3n de Clubes (AdC) los \u00fanicos autorizados a ingresar al estadio son aquellos miembros de la Asociaci\u00f3n de Reporteros Gr\u00e1ficos de la Rep\u00fablica Argentina (ARGRA), sin excepci\u00f3n.<\/p>\n<p>Por lo tanto deber\u00e1n dirigirse para la acreditaci\u00f3n correspondiente a ARGRA (Venezuela 1433 Ciudad de Buenos Aires \u2013 Tel.: +54-11-44381-6853 o por mail a <a href=\"mailto:acreditaciones@argra.org.ar\">acreditaciones@argra.org.ar<\/a> ). Cupo limitado.<\/p>\n<p><strong>DISPOCIONES PARA <\/strong><br \/>\n<strong>ACREDITACION<\/strong><br \/>\nEl pedido de acreditaci\u00f3n, de acuerdo a las normas antes descriptas, comenzar\u00e1 el mi\u00e9rcoles 6 de septiembre y finalizar\u00e1 el viernes 16 septiembre pr\u00f3ximo, sin excepci\u00f3n.<br \/>\nLas mismas se recibir\u00e1n de 10 a 12.30 en el Departamento de Prensa de la instituci\u00f3n (cabinas de transmisi\u00f3n), y estar\u00e1 a cargo de <strong>Jos\u00e9 Antonio Barreto (h).<\/strong><\/p>\n<p>Para que todos los periodistas puedan realizar su funci\u00f3n con total normalidad, y para evitar superpoblaci\u00f3n de personas, se informa que las acreditaciones para esta temporada estar\u00e1n sujetas a las siguientes disposiciones:<\/p>\n<p><strong>Diarios locales<\/strong>: dos (2) periodistas deportivos (uno para cabina y otro para conferencia de prensa, zona mixta) y un (1) reportero gr\u00e1fico (afiliado a ARGRA); Diarios visitantes: un (1) periodista deportivo.<\/p>\n<p><strong>Agencias de noticias y medios gr\u00e1ficos nacionales<\/strong>: un (1) periodista deportivo;<br \/>\n<strong>radios<\/strong>: un (1) periodista deportivo <strong>POR MEDIO<\/strong>, salvo que el medio transmita los encuentros de local;<\/p>\n<p><strong>TV<\/strong>: un (1) periodista deportivo por medio y un (1) camar\u00f3grafo;<\/p>\n<p><strong>radios que transmitan<\/strong>: tres (3) periodistas deportivos (relator, comentarista y planillero y\/o un (1) operador), en esta temporada no se acreditar\u00e1n a locutores comerciales ni campo de juego. Cupo Limitado.<\/p>\n<p><strong>INFORMACION IMPORTANTE<\/strong><br \/>\nInformaci\u00f3n importante a tener en cuenta:<\/p>\n<p>&#8211; A excepci\u00f3n de camar\u00f3grafos y fot\u00f3grafos, que podr\u00e1n ser rotativas, ya que ser\u00e1n impersonales, las acreditaciones son intransferibles.<\/p>\n<p>&#8211; Los camar\u00f3grafos y fot\u00f3grafos recibir\u00e1n una acreditaci\u00f3n de color diferente a los periodistas, sin obligaci\u00f3n de presentar foto (4&#215;4) exigido en el formulario 2016\/17.<\/p>\n<p>&#8211; Las credenciales de los medios se emiten \u00fanicamente para personas que cumplen tareas laborales, por lo que no se permite el acceso de c\u00f3nyuges, ni\u00f1os, y amigos, entre otros, a las instalaciones para los medios.<\/p>\n<p>&#8211; Las acreditaciones que proporciona el Club de Regatas Corrientes son reconocidas como documentos oficiales de esta instituci\u00f3n, por lo tanto el mal uso o pr\u00e9stamo de las mismas ser\u00e1 causa de suspensi\u00f3n temporal o definitiva para el medio en cuesti\u00f3n.<\/p>\n<p>&#8211; Esta expresamente prohibido, por disposici\u00f3n de la AdC, realizar notas en el campo de juego antes de los encuentros (cuarenta y cinco minutos) y una vez finalizados los mismos. Estos incumplimientos generan multas para el club, por lo que esta situaci\u00f3n ser\u00e1 causa de suspensi\u00f3n temporal o definitiva para los medios infractores.<\/p>\n<p><strong>COBERTURA DE <\/strong><br \/>\n<strong>ENTRENAMIENTOS <\/strong><br \/>\nPara la cobertura de los entrenamientos, los periodistas deber\u00e1n presentar al personal de porter\u00eda del club la credencial del medio al cual pertenecen, sin excepci\u00f3n.<\/p>\n<p>Recordamos que los entrenamientos de Regatas Corrientes son a \u201cpuerta abierta\u201d, salvo disposici\u00f3n ocasional del cuerpo t\u00e9cnico en contrario, y antes o despu\u00e9s de los entrenamientos los jugadores y cuerpo t\u00e9cnico est\u00e1n a disposici\u00f3n para las correspondientes entrevistas y notas.<\/p>\n<p>Este Departamento de Prensa no suministra los n\u00fameros de tel\u00e9fonos y\/o celulares particulares de jugadores y cuerpo t\u00e9cnico, por lo que la solicitud de los mismos se debe realizar personalmente con cada integrante del equipo.<\/p>\n<p align=\"right\"><strong>PRENSA CRC<\/strong><\/p>\n","protected":false},"excerpt":{"rendered":"<p>Para poder acreditarse en los partidos que se disputen en el estadio del Club de Regatas Corrientes, los medios de prensa deber\u00e1n completar previamente un formulario que se podr\u00e1 bajar de la p\u00e1gina oficial del club. Recordamos que el pedido de acreditaci\u00f3n anual no garantiza la autorizaci\u00f3n de la misma, y es exclusivamente para los &hellip;<\/p>\n","protected":false},"author":1,"featured_media":0,"parent":0,"menu_order":0,"comment_status":"closed","ping_status":"closed","template":"","meta":{"footnotes":""},"_links":{"self":[{"href":"https:\/\/crc.org.ar\/w\/wp-json\/wp\/v2\/pages\/1936"}],"collection":[{"href":"https:\/\/crc.org.ar\/w\/wp-json\/wp\/v2\/pages"}],"about":[{"href":"https:\/\/crc.org.ar\/w\/wp-json\/wp\/v2\/types\/page"}],"author":[{"embeddable":true,"href":"https:\/\/crc.org.ar\/w\/wp-json\/wp\/v2\/users\/1"}],"replies":[{"embeddable":true,"href":"https:\/\/crc.org.ar\/w\/wp-json\/wp\/v2\/comments?post=1936"}],"version-history":[{"count":1,"href":"https:\/\/crc.org.ar\/w\/wp-json\/wp\/v2\/pages\/1936\/revisions"}],"predecessor-version":[{"id":1937,"href":"https:\/\/crc.org.ar\/w\/wp-json\/wp\/v2\/pages\/1936\/revisions\/1937"}],"wp:attachment":[{"href":"https:\/\/crc.org.ar\/w\/wp-json\/wp\/v2\/media?parent=1936"}],"curies":[{"name":"wp","href":"https:\/\/api.w.org\/{rel}","templated":true}]}}